{"id":495,"date":"2024-07-08T17:05:25","date_gmt":"2024-07-08T14:05:25","guid":{"rendered":"https:\/\/lepikuhambaravi.ee\/services\/"},"modified":"2024-09-13T17:02:03","modified_gmt":"2024-09-13T14:02:03","slug":"services","status":"publish","type":"page","link":"https:\/\/lepikuhambaravi.ee\/en\/services\/","title":{"rendered":"Services"},"content":{"rendered":"\n<div class=\"wp-block-essential-blocks-row alignwide  root-eb-row-f0qyt\"><div class=\"eb-parent-wrapper eb-parent-eb-row-f0qyt \"><div class=\"eb-row-root-container eb-row-f0qyt\" data-id=\"eb-row-f0qyt\"><div class=\"eb-row-wrapper\"><div class=\"eb-row-inner\">\n<div class=\"wp-block-essential-blocks-column  root-eb-column-l5ydo\"><div class=\"eb-parent-wrapper eb-parent-eb-column-l5ydo \"><div class=\"eb-column-wrapper eb-column-l5ydo\"><div class=\"eb-column-inner\">\n<figure class=\"wp-block-image size-full\"><img loading=\"lazy\" decoding=\"async\" width=\"700\" height=\"528\" src=\"https:\/\/lepikuhambaravi.ee\/wp-content\/uploads\/2024\/07\/teenused.webp\" alt=\"\" class=\"wp-image-78\" srcset=\"https:\/\/lepikuhambaravi.ee\/wp-content\/uploads\/2024\/07\/teenused.webp 700w, https:\/\/lepikuhambaravi.ee\/wp-content\/uploads\/2024\/07\/teenused-300x226.webp 300w\" sizes=\"auto, (max-width: 700px) 100vw, 700px\" \/><\/figure>\n<\/div><\/div><\/div><\/div>\n\n\n\n<div class=\"wp-block-essential-blocks-column  root-eb-column-crd1e\"><div class=\"eb-parent-wrapper eb-parent-eb-column-crd1e \"><div class=\"eb-column-wrapper eb-column-crd1e\"><div class=\"eb-column-inner\">\n<p><strong>EN Kalmer Lepiku Hambaravi<\/strong> on 1997 aastal asutatud pereettev\u00f5te. Oleme hambaravi valdkonnas 23 toimekat aastat v\u00e4\u00e4rtuslikke kogemusi ja teadmisi kogunud.  EN Meie s\u00f5bralik ja professionaalne kollektiiv t\u00f6\u00f6tab selle nimel, et Sina ja Su pere tunneksite rahulolu ja v\u00f5iksite oma naeratustest kestvat r\u00f5\u00f5mu tunda.<\/p>\n\n\n\n<p>EN Meie hambaravist leiad laia valiku, v\u00e4ga erinevaid, nii haigusi ennetavaid, kui ka hammaskonna probleeme lahendavaid teenuseid. Meie koolitatud arstid on heal meelel abiks just Sinule sobivaima lahenduse v\u00e4ljaselgitamisel. Kaasaegse tehnoloogia, kvaliteetsete materjalide ning meisterlike koost\u00f6\u00f6partnerite abiga pakume Sulle parimat v\u00f5imalikku hambaraviteenust.  <\/p>\n\n\n\n<p>EN Soovime, et igast hambaravi k\u00fclastusest j\u00e4\u00e4ks meeldiv m\u00e4lestus, mida soovid meie juurde taas kogema tulla.<\/p>\n<\/div><\/div><\/div><\/div>\n<\/div><\/div><\/div><\/div><\/div>\n\n<div class=\"wp-block-essential-blocks-wrapper alignfull  root-eb-wrapper-vehen\"><div class=\"eb-parent-wrapper eb-parent-eb-wrapper-vehen \"><div class=\"eb-wrapper-outer eb-wrapper-vehen\"><div class=\"eb-wrapper-inner\"><div class=\"eb-wrapper-inner-blocks eb-wrapper-align-center\">\n<div class=\"wp-block-essential-blocks-wrapper alignfull  root-eb-wrapper-16vcj\"><div class=\"eb-parent-wrapper eb-parent-eb-wrapper-16vcj \"><div class=\"eb-wrapper-outer eb-wrapper-16vcj eb-wrapper-align-center\"><div class=\"eb-wrapper-inner\"><div class=\"eb-wrapper-inner-blocks\"><div class=\"r-teenused-lyhikirjeldusega\"><div class=\"r-teenuslyhikirjeldusega-wrapper\">\r\n\t\t<div class=\"r-teenuslyhikirjeldusega-title\">\r\n\t\t\t<h2><a href=\"https:\/\/lepikuhambaravi.ee\/en\/en-teenus\/en-hambakaariese-ravi\/\">EN Hambakaariese ravi<\/a><\/h2>\r\n\t\t<\/div>\r\n\t\t<div class=\"r-teenuslyhikirjeldusega-content\">\r\n\t\t\t<p>EN Hambakaaries on levinuim hammaste haigus. Hambakaariest ehk hambaauke on vajalik \u00f5igeaegselt m\u00e4rgata ja ravida, et hambakahjustus ei saaks progresseeruda, sest juba defektiga hambakude ei taastu iseenesest. <\/p>\n\r\n\t\t<\/div>\r\n\t<\/div><div class=\"r-teenuslyhikirjeldusega-wrapper\">\r\n\t\t<div class=\"r-teenuslyhikirjeldusega-title\">\r\n\t\t\t<h2><a href=\"https:\/\/lepikuhambaravi.ee\/en\/en-teenus\/en-proteesipuhastus\/\">EN Proteesipuhastus<\/a><\/h2>\r\n\t\t<\/div>\r\n\t\t<div class=\"r-teenuslyhikirjeldusega-content\">\r\n\t\t\t<p>EN Regulaarne ja professionaalne proteesi puhastamine eemaldab hambakatu, hambakivi ja samuti raskesti eemaldatavad plekid nagu kohvi, nikotiin, tee ning punane vein, v\u00e4hendades samal ajal riske.<\/p>\n\r\n\t\t<\/div>\r\n\t<\/div><\/div><\/div><\/div><\/div><\/div><\/div>\n<\/div><\/div><\/div><\/div><\/div>\n\n<p><\/p>\n","protected":false},"excerpt":{"rendered":"","protected":false},"author":2,"featured_media":0,"parent":0,"menu_order":0,"comment_status":"closed","ping_status":"closed","template":"","meta":{"_eb_attr":"","footnotes":""},"class_list":["post-495","page","type-page","status-publish"],"_links":{"self":[{"href":"https:\/\/lepikuhambaravi.ee\/en\/wp-json\/wp\/v2\/pages\/495","targetHints":{"allow":["GET"]}}],"collection":[{"href":"https:\/\/lepikuhambaravi.ee\/en\/wp-json\/wp\/v2\/pages"}],"about":[{"href":"https:\/\/lepikuhambaravi.ee\/en\/wp-json\/wp\/v2\/types\/page"}],"author":[{"embeddable":true,"href":"https:\/\/lepikuhambaravi.ee\/en\/wp-json\/wp\/v2\/users\/2"}],"replies":[{"embeddable":true,"href":"https:\/\/lepikuhambaravi.ee\/en\/wp-json\/wp\/v2\/comments?post=495"}],"version-history":[{"count":3,"href":"https:\/\/lepikuhambaravi.ee\/en\/wp-json\/wp\/v2\/pages\/495\/revisions"}],"predecessor-version":[{"id":716,"href":"https:\/\/lepikuhambaravi.ee\/en\/wp-json\/wp\/v2\/pages\/495\/revisions\/716"}],"wp:attachment":[{"href":"https:\/\/lepikuhambaravi.ee\/en\/wp-json\/wp\/v2\/media?parent=495"}],"curies":[{"name":"wp","href":"https:\/\/api.w.org\/{rel}","templated":true}]}}